{"id":6032196,"date":"2020-12-29T22:04:20","date_gmt":"2020-12-29T22:04:20","guid":{"rendered":"https:\/\/gambea.com\/en\/?post_type=product&#038;p=6032196"},"modified":"2026-04-03T20:15:49","modified_gmt":"2026-04-03T18:15:49","slug":"leon","status":"publish","type":"product","link":"https:\/\/gambea.com\/en\/socks\/leon\/","title":{"rendered":"Le\u00f3n"},"content":{"rendered":"<p><strong>ALADINA x MB COMUNICACI\u00d3N x GAMBEA<\/strong><\/p>\n<p>\u00cd\u00f1igo Mart\u00ednez and I\u00f1aki Williams present this pack of socks inspired by Athleticzales territories to benefit the social work of the Aladina Foundation.<\/p>\n","protected":false},"excerpt":{"rendered":"<p><strong>ALADINA x MB COMUNICACI\u00d3N x GAMBEA<\/strong><\/p>\n<p>\u00cd\u00f1igo Mart\u00ednez and I\u00f1aki Williams present this pack of socks inspired by Athleticzales territories to benefit the social work of the Aladina Foundation.<\/p>\n","protected":false},"featured_media":6063076,"template":"","meta":[],"product_brand":[],"product_cat":[4000173],"product_tag":[],"class_list":{"0":"post-6032196","1":"product","2":"type-product","3":"status-publish","4":"has-post-thumbnail","6":"product_cat-aladina","7":"no-featured-image-padding","8":"sales-flash-overlay","9":"woocommerce-text-align-center","10":"woocommerce-image-align-center","12":"first","13":"outofstock","14":"taxable","15":"shipping-taxable","16":"purchasable","17":"product-type-variable"},"_links":{"self":[{"href":"https:\/\/gambea.com\/en\/wp-json\/wp\/v2\/product\/6032196","targetHints":{"allow":["GET"]}}],"collection":[{"href":"https:\/\/gambea.com\/en\/wp-json\/wp\/v2\/product"}],"about":[{"href":"https:\/\/gambea.com\/en\/wp-json\/wp\/v2\/types\/product"}],"wp:featuredmedia":[{"embeddable":true,"href":"https:\/\/gambea.com\/en\/wp-json\/wp\/v2\/media\/6063076"}],"wp:attachment":[{"href":"https:\/\/gambea.com\/en\/wp-json\/wp\/v2\/media?parent=6032196"}],"wp:term":[{"taxonomy":"product_brand","embeddable":true,"href":"https:\/\/gambea.com\/en\/wp-json\/wp\/v2\/product_brand?post=6032196"},{"taxonomy":"product_cat","embeddable":true,"href":"https:\/\/gambea.com\/en\/wp-json\/wp\/v2\/product_cat?post=6032196"},{"taxonomy":"product_tag","embeddable":true,"href":"https:\/\/gambea.com\/en\/wp-json\/wp\/v2\/product_tag?post=6032196"}],"curies":[{"name":"wp","href":"https:\/\/api.w.org\/{rel}","templated":true}]}}