{"id":6058373,"date":"2022-06-14T19:01:29","date_gmt":"2022-06-14T17:01:29","guid":{"rendered":"https:\/\/gambea.com\/?post_type=product&#038;p=6083111"},"modified":"2025-09-01T11:03:56","modified_gmt":"2025-09-01T09:03:56","slug":"pack-3-calcetines-solidarios-inaki-inigo-y-raul-garcia-copia","status":"publish","type":"product","link":"https:\/\/gambea.com\/en\/socks\/pack-solidarity\/","title":{"rendered":"Pack-3 Solidarity Socks I\u00f1aki, I\u00f1igo &#038; Ra\u00fal Garc\u00eda"},"content":{"rendered":"<p><b>PACK x3 I\u00f1aki Williams &amp; I\u00f1igo Mart\u00ednez\u00a0&amp; Ra\u00fal Garc\u00eda x Aladina<\/b><\/p>\n<p>I\u00f1aki Williams, I\u00f1igo Mart\u00ednez and Ra\u00fal Garc\u00eda present this pack of three solidarity socks to benefit the social work of the Aladina Foundation, which works against childhood cancer. Collaborate!<\/p>\n","protected":false},"excerpt":{"rendered":"<p><b>PACK x3 I\u00f1aki Williams &amp; I\u00f1igo Mart\u00ednez\u00a0&amp; Ra\u00fal Garc\u00eda x Aladina<\/b><\/p>\n<p>I\u00f1aki Williams, I\u00f1igo Mart\u00ednez and Ra\u00fal Garc\u00eda present this pack of three solidarity socks to benefit the social work of the Aladina Foundation, which works against childhood cancer. Collaborate!<\/p>\n","protected":false},"featured_media":6063552,"template":"","meta":[],"product_brand":[],"product_cat":[79],"product_tag":[4000428,4000238,4000441],"class_list":{"0":"post-6058373","1":"product","2":"type-product","3":"status-publish","4":"has-post-thumbnail","6":"product_cat-packs","7":"product_tag-pack-3","8":"product_tag-outlet","9":"product_tag-pack-de-calcetines","10":"no-featured-image-padding","11":"sales-flash-overlay","12":"woocommerce-text-align-center","13":"woocommerce-image-align-center","14":"wc-has-gallery","16":"first","17":"instock","18":"sale","19":"virtual","20":"taxable","21":"purchasable","22":"product-type-bopobb"},"_links":{"self":[{"href":"https:\/\/gambea.com\/en\/wp-json\/wp\/v2\/product\/6058373","targetHints":{"allow":["GET"]}}],"collection":[{"href":"https:\/\/gambea.com\/en\/wp-json\/wp\/v2\/product"}],"about":[{"href":"https:\/\/gambea.com\/en\/wp-json\/wp\/v2\/types\/product"}],"wp:featuredmedia":[{"embeddable":true,"href":"https:\/\/gambea.com\/en\/wp-json\/wp\/v2\/media\/6063552"}],"wp:attachment":[{"href":"https:\/\/gambea.com\/en\/wp-json\/wp\/v2\/media?parent=6058373"}],"wp:term":[{"taxonomy":"product_brand","embeddable":true,"href":"https:\/\/gambea.com\/en\/wp-json\/wp\/v2\/product_brand?post=6058373"},{"taxonomy":"product_cat","embeddable":true,"href":"https:\/\/gambea.com\/en\/wp-json\/wp\/v2\/product_cat?post=6058373"},{"taxonomy":"product_tag","embeddable":true,"href":"https:\/\/gambea.com\/en\/wp-json\/wp\/v2\/product_tag?post=6058373"}],"curies":[{"name":"wp","href":"https:\/\/api.w.org\/{rel}","templated":true}]}}