{"id":6058509,"date":"2019-06-18T14:53:02","date_gmt":"2019-06-18T12:53:02","guid":{"rendered":"https:\/\/gambea.com\/?post_type=product&#038;p=3506"},"modified":"2025-09-01T11:06:49","modified_gmt":"2025-09-01T09:06:49","slug":"pack-che","status":"publish","type":"product","link":"https:\/\/gambea.com\/it\/calzini\/pack-che\/","title":{"rendered":"Pack-3 CHE"},"content":{"rendered":"<p>Riuscite a immaginare questo <strong>tridente<\/strong> sul campo del Mestalla? Ora potete godervelo dando stile al vostro <em>outfit<\/em> del giorno.<\/p>\n<p><p>Luned\u00ec un po&#8217; di chiaroveggenza del Catedr\u00e1tico in ufficio, venerd\u00ec la velocit\u00e0 del Piojo e sabato? Andiamo con il Matador a vedere la partita.<\/p>\n<p><p>Approfittate dello <strong>Sconto!<\/strong>.<\/p>\n","protected":false},"excerpt":{"rendered":"<p>Riuscite a immaginare questo <strong>tridente<\/strong> sul campo del Mestalla? Ora potete godervelo dando stile al vostro <em>outfit<\/em> del giorno.<\/p>\n<p><p>Luned\u00ec un po&#8217; di chiaroveggenza del Catedr\u00e1tico in ufficio, venerd\u00ec la velocit\u00e0 del Piojo e sabato? Andiamo con il Matador a vedere la partita.<\/p>\n<p><p>Approfittate dello <strong>Sconto!<\/strong>.<\/p>\n","protected":false},"featured_media":6065778,"template":"","meta":[],"product_brand":[],"product_cat":[79],"product_tag":[4000459,4000432],"class_list":{"0":"post-6058509","1":"product","2":"type-product","3":"status-publish","4":"has-post-thumbnail","6":"product_cat-packs","7":"product_tag-calzini-pack","8":"product_tag-pack-3","9":"no-featured-image-padding","10":"sales-flash-overlay","11":"woocommerce-text-align-center","12":"woocommerce-image-align-center","13":"wc-has-gallery","15":"first","16":"instock","17":"virtual","18":"taxable","19":"purchasable","20":"product-type-bopobb"},"_links":{"self":[{"href":"https:\/\/gambea.com\/it\/wp-json\/wp\/v2\/product\/6058509","targetHints":{"allow":["GET"]}}],"collection":[{"href":"https:\/\/gambea.com\/it\/wp-json\/wp\/v2\/product"}],"about":[{"href":"https:\/\/gambea.com\/it\/wp-json\/wp\/v2\/types\/product"}],"wp:featuredmedia":[{"embeddable":true,"href":"https:\/\/gambea.com\/it\/wp-json\/wp\/v2\/media\/6065778"}],"wp:attachment":[{"href":"https:\/\/gambea.com\/it\/wp-json\/wp\/v2\/media?parent=6058509"}],"wp:term":[{"taxonomy":"product_brand","embeddable":true,"href":"https:\/\/gambea.com\/it\/wp-json\/wp\/v2\/product_brand?post=6058509"},{"taxonomy":"product_cat","embeddable":true,"href":"https:\/\/gambea.com\/it\/wp-json\/wp\/v2\/product_cat?post=6058509"},{"taxonomy":"product_tag","embeddable":true,"href":"https:\/\/gambea.com\/it\/wp-json\/wp\/v2\/product_tag?post=6058509"}],"curies":[{"name":"wp","href":"https:\/\/api.w.org\/{rel}","templated":true}]}}