{"id":6058535,"date":"2019-12-01T19:45:57","date_gmt":"2019-12-01T18:45:57","guid":{"rendered":"https:\/\/gambea.com\/?post_type=product&#038;p=2010672"},"modified":"2026-04-03T20:18:08","modified_gmt":"2026-04-03T18:18:08","slug":"minuto-93","status":"publish","type":"product","link":"https:\/\/gambea.com\/it\/calzini\/minuto-93\/","title":{"rendered":"Calzini Minuto 93"},"content":{"rendered":"<p>Ultima azione della partita. Calcio d&#8217;angolo. A pochi secondi dalla perdita del titolo europeo. Ed ecco che arriva il colpo di testa pi\u00f9 iconico di tutte le finali europee. La citt\u00e0 di Madrid vibr\u00f2.<\/p>\n<p><p>Calzini perfetto per pungere il collega biancorosso.<\/p>\n<p><p><strong>Approfittatene e assemblate il vostro pacchetto per voi o per i vostri amici.<\/p>\n","protected":false},"excerpt":{"rendered":"<p>Ultima azione della partita. Calcio d&#8217;angolo. A pochi secondi dalla perdita del titolo europeo. Ed ecco che arriva il colpo di testa pi\u00f9 iconico di tutte le finali europee. La citt\u00e0 di Madrid vibr\u00f2.<\/p>\n<p><p>Calzini perfetto per pungere il collega biancorosso.<\/p>\n<p><p><strong>Approfittatene e assemblate il vostro pacchetto per voi o per i vostri amici.<\/p>\n","protected":false},"featured_media":6065807,"template":"","meta":[],"product_brand":[],"product_cat":[73],"product_tag":[],"class_list":{"0":"post-6058535","1":"product","2":"type-product","3":"status-publish","4":"has-post-thumbnail","6":"product_cat-chamartin","7":"no-featured-image-padding","8":"sales-flash-overlay","9":"woocommerce-text-align-center","10":"woocommerce-image-align-center","11":"wc-has-gallery","13":"first","14":"instock","15":"taxable","16":"shipping-taxable","17":"purchasable","18":"product-type-variable"},"_links":{"self":[{"href":"https:\/\/gambea.com\/it\/wp-json\/wp\/v2\/product\/6058535","targetHints":{"allow":["GET"]}}],"collection":[{"href":"https:\/\/gambea.com\/it\/wp-json\/wp\/v2\/product"}],"about":[{"href":"https:\/\/gambea.com\/it\/wp-json\/wp\/v2\/types\/product"}],"wp:featuredmedia":[{"embeddable":true,"href":"https:\/\/gambea.com\/it\/wp-json\/wp\/v2\/media\/6065807"}],"wp:attachment":[{"href":"https:\/\/gambea.com\/it\/wp-json\/wp\/v2\/media?parent=6058535"}],"wp:term":[{"taxonomy":"product_brand","embeddable":true,"href":"https:\/\/gambea.com\/it\/wp-json\/wp\/v2\/product_brand?post=6058535"},{"taxonomy":"product_cat","embeddable":true,"href":"https:\/\/gambea.com\/it\/wp-json\/wp\/v2\/product_cat?post=6058535"},{"taxonomy":"product_tag","embeddable":true,"href":"https:\/\/gambea.com\/it\/wp-json\/wp\/v2\/product_tag?post=6058535"}],"curies":[{"name":"wp","href":"https:\/\/api.w.org\/{rel}","templated":true}]}}