{"id":6058551,"date":"2019-12-18T11:37:13","date_gmt":"2019-12-18T10:37:13","guid":{"rendered":"https:\/\/gambea.com\/?post_type=product&#038;p=2010674"},"modified":"2026-04-03T20:18:07","modified_gmt":"2026-04-03T18:18:07","slug":"escorpion","status":"publish","type":"product","link":"https:\/\/gambea.com\/it\/calzini\/escorpion\/","title":{"rendered":"Calzini Escorpi\u00f3n"},"content":{"rendered":"<p>Abbiamo sempre collegato la magia e la creativit\u00e0 di questo sport ai giocatori esterni, ma quest&#8217;uomo \u00e8 arrivato per fare spazio ai portieri.<\/p>\n<p><p>Ora potete sfoggiare uno dei momenti pi\u00f9 iconici di questo sport con questi calzini.<\/p>\n<p><p><strong>Affrettatevi a comporre la vostra confezione per voi o per i vostri amici<\/strong>.<\/p>\n","protected":false},"excerpt":{"rendered":"<p>Abbiamo sempre collegato la magia e la creativit\u00e0 di questo sport ai giocatori esterni, ma quest&#8217;uomo \u00e8 arrivato per fare spazio ai portieri.<\/p>\n<p><p>Ora potete sfoggiare uno dei momenti pi\u00f9 iconici di questo sport con questi calzini.<\/p>\n<p><p><strong>Affrettatevi a comporre la vostra confezione per voi o per i vostri amici<\/strong>.<\/p>\n","protected":false},"featured_media":6065816,"template":"","meta":[],"product_brand":[],"product_cat":[72],"product_tag":[],"class_list":{"0":"post-6058551","1":"product","2":"type-product","3":"status-publish","4":"has-post-thumbnail","6":"product_cat-legende","7":"no-featured-image-padding","8":"sales-flash-overlay","9":"woocommerce-text-align-center","10":"woocommerce-image-align-center","11":"wc-has-gallery","13":"first","14":"instock","15":"taxable","16":"shipping-taxable","17":"purchasable","18":"product-type-variable"},"_links":{"self":[{"href":"https:\/\/gambea.com\/it\/wp-json\/wp\/v2\/product\/6058551","targetHints":{"allow":["GET"]}}],"collection":[{"href":"https:\/\/gambea.com\/it\/wp-json\/wp\/v2\/product"}],"about":[{"href":"https:\/\/gambea.com\/it\/wp-json\/wp\/v2\/types\/product"}],"wp:featuredmedia":[{"embeddable":true,"href":"https:\/\/gambea.com\/it\/wp-json\/wp\/v2\/media\/6065816"}],"wp:attachment":[{"href":"https:\/\/gambea.com\/it\/wp-json\/wp\/v2\/media?parent=6058551"}],"wp:term":[{"taxonomy":"product_brand","embeddable":true,"href":"https:\/\/gambea.com\/it\/wp-json\/wp\/v2\/product_brand?post=6058551"},{"taxonomy":"product_cat","embeddable":true,"href":"https:\/\/gambea.com\/it\/wp-json\/wp\/v2\/product_cat?post=6058551"},{"taxonomy":"product_tag","embeddable":true,"href":"https:\/\/gambea.com\/it\/wp-json\/wp\/v2\/product_tag?post=6058551"}],"curies":[{"name":"wp","href":"https:\/\/api.w.org\/{rel}","templated":true}]}}