{"id":6058626,"date":"2020-04-13T18:25:26","date_gmt":"2020-04-13T16:25:26","guid":{"rendered":"https:\/\/gambea.com\/?post_type=product&#038;p=6023321"},"modified":"2026-04-03T20:18:06","modified_gmt":"2026-04-03T18:18:06","slug":"copa-05","status":"publish","type":"product","link":"https:\/\/gambea.com\/it\/calzini\/copa-05\/","title":{"rendered":"Calzini Copa 05"},"content":{"rendered":"<p>Immagine iconica dell&#8217;ultimo titolo ufficiale vinto dalla squadra biancoverde.<\/p>\n<p><p>Due dei giocatori pi\u00f9 amati della loro storia che si passano il testimone l&#8217;un l&#8217;altro, avvolti in un mantello. Avevano intuito che in futuro sarebbero diventati Calzini e sapevano quanto quel tocco di rosa si adattasse bene al blu navy.<\/p>\n<p><p>Se siete un B\u00e9tico, la verit\u00e0 \u00e8 che non riusciamo a immaginare un <a href=\"https:\/\/gambea.com\/it\/calzini\/verdiblancos\/\">Calzini verdiblancos<\/a> migliore per passeggiare alla Feria o per visitare vostro zio Joaqu\u00edn.<\/p>\n<p><p><strong>Approfittatene e assemblate il vostro <a href=\"https:\/\/gambea.com\/it\/calzini\/\">confezione divertente di Calzini<\/a> per voi o per i vostri amici.<\/p>\n","protected":false},"excerpt":{"rendered":"<p>Immagine iconica dell&#8217;ultimo titolo ufficiale vinto dalla squadra biancoverde.<\/p>\n<p><p>Due dei giocatori pi\u00f9 amati della loro storia che si passano il testimone l&#8217;un l&#8217;altro, avvolti in un mantello. Avevano intuito che in futuro sarebbero diventati Calzini e sapevano quanto quel tocco di rosa si adattasse bene al blu navy.<\/p>\n<p><p>Se siete un B\u00e9tico, la verit\u00e0 \u00e8 che non riusciamo a immaginare un <a href=\"https:\/\/gambea.com\/it\/calzini\/verdiblancos\/\">Calzini verdiblancos<\/a> migliore per passeggiare alla Feria o per visitare vostro zio Joaqu\u00edn.<\/p>\n<p><p><strong>Approfittatene e assemblate il vostro <a href=\"https:\/\/gambea.com\/it\/calzini\/\">confezione divertente di Calzini<\/a> per voi o per i vostri amici.<\/p>\n","protected":false},"featured_media":6065889,"template":"","meta":[],"product_brand":[],"product_cat":[2000109],"product_tag":[],"class_list":{"0":"post-6058626","1":"product","2":"type-product","3":"status-publish","4":"has-post-thumbnail","6":"product_cat-verdiblancos","7":"no-featured-image-padding","8":"sales-flash-overlay","9":"woocommerce-text-align-center","10":"woocommerce-image-align-center","11":"wc-has-gallery","13":"first","14":"instock","15":"taxable","16":"shipping-taxable","17":"purchasable","18":"product-type-variable"},"_links":{"self":[{"href":"https:\/\/gambea.com\/it\/wp-json\/wp\/v2\/product\/6058626","targetHints":{"allow":["GET"]}}],"collection":[{"href":"https:\/\/gambea.com\/it\/wp-json\/wp\/v2\/product"}],"about":[{"href":"https:\/\/gambea.com\/it\/wp-json\/wp\/v2\/types\/product"}],"wp:featuredmedia":[{"embeddable":true,"href":"https:\/\/gambea.com\/it\/wp-json\/wp\/v2\/media\/6065889"}],"wp:attachment":[{"href":"https:\/\/gambea.com\/it\/wp-json\/wp\/v2\/media?parent=6058626"}],"wp:term":[{"taxonomy":"product_brand","embeddable":true,"href":"https:\/\/gambea.com\/it\/wp-json\/wp\/v2\/product_brand?post=6058626"},{"taxonomy":"product_cat","embeddable":true,"href":"https:\/\/gambea.com\/it\/wp-json\/wp\/v2\/product_cat?post=6058626"},{"taxonomy":"product_tag","embeddable":true,"href":"https:\/\/gambea.com\/it\/wp-json\/wp\/v2\/product_tag?post=6058626"}],"curies":[{"name":"wp","href":"https:\/\/api.w.org\/{rel}","templated":true}]}}