{"id":6058727,"date":"2020-07-15T18:04:20","date_gmt":"2020-07-15T16:04:20","guid":{"rendered":"https:\/\/gambea.com\/?post_type=product&#038;p=6025495"},"modified":"2024-11-10T16:33:59","modified_gmt":"2024-11-10T15:33:59","slug":"calzini-pack-blanquiazul","status":"publish","type":"product","link":"https:\/\/gambea.com\/it\/calzini\/pack-blanquiazul\/","title":{"rendered":"Pack-3 Deportivo de la Coru\u00f1a"},"content":{"rendered":"<p>Firmerebbe questi tre idoli del Deportivo de la Coru\u00f1a? Forse non sono pi\u00f9 in forma, ma sarebbero un&#8217;ottima aggiunta al vostro cassetto dei calzini.<\/p>\n<p><p>I colori bianco e blu si indossano ovunque: parchi, bar, matrimoni, impianti sportivi&#8230;<\/p>\n<p><p>Approfitta dello <strong>Sconto!<\/strong>&#8230;<\/p>\n","protected":false},"excerpt":{"rendered":"<p>Firmerebbe questi tre idoli del Deportivo de la Coru\u00f1a? Forse non sono pi\u00f9 in forma, ma sarebbero un&#8217;ottima aggiunta al vostro cassetto dei calzini.<\/p>\n<p><p>I colori bianco e blu si indossano ovunque: parchi, bar, matrimoni, impianti sportivi&#8230;<\/p>\n<p><p>Approfitta dello <strong>Sconto!<\/strong>&#8230;<\/p>\n","protected":false},"featured_media":6065968,"template":"","meta":[],"product_brand":[],"product_cat":[79],"product_tag":[4000459,4000432],"class_list":{"0":"post-6058727","1":"product","2":"type-product","3":"status-publish","4":"has-post-thumbnail","6":"product_cat-packs","7":"product_tag-calzini-pack","8":"product_tag-pack-3","9":"no-featured-image-padding","10":"sales-flash-overlay","11":"woocommerce-text-align-center","12":"woocommerce-image-align-center","13":"wc-has-gallery","15":"first","16":"instock","17":"virtual","18":"taxable","19":"purchasable","20":"product-type-bopobb"},"_links":{"self":[{"href":"https:\/\/gambea.com\/it\/wp-json\/wp\/v2\/product\/6058727","targetHints":{"allow":["GET"]}}],"collection":[{"href":"https:\/\/gambea.com\/it\/wp-json\/wp\/v2\/product"}],"about":[{"href":"https:\/\/gambea.com\/it\/wp-json\/wp\/v2\/types\/product"}],"wp:featuredmedia":[{"embeddable":true,"href":"https:\/\/gambea.com\/it\/wp-json\/wp\/v2\/media\/6065968"}],"wp:attachment":[{"href":"https:\/\/gambea.com\/it\/wp-json\/wp\/v2\/media?parent=6058727"}],"wp:term":[{"taxonomy":"product_brand","embeddable":true,"href":"https:\/\/gambea.com\/it\/wp-json\/wp\/v2\/product_brand?post=6058727"},{"taxonomy":"product_cat","embeddable":true,"href":"https:\/\/gambea.com\/it\/wp-json\/wp\/v2\/product_cat?post=6058727"},{"taxonomy":"product_tag","embeddable":true,"href":"https:\/\/gambea.com\/it\/wp-json\/wp\/v2\/product_tag?post=6058727"}],"curies":[{"name":"wp","href":"https:\/\/api.w.org\/{rel}","templated":true}]}}