{"id":6059530,"date":"2022-04-11T13:19:35","date_gmt":"2022-04-11T11:19:35","guid":{"rendered":"https:\/\/gambea.com\/?post_type=product&#038;p=6050090"},"modified":"2026-04-03T20:17:36","modified_gmt":"2026-04-03T18:17:36","slug":"lmi-felpa-michail-antonio","status":"publish","type":"product","link":"https:\/\/gambea.com\/it\/lmi\/sweatshirt-michail-antonio\/","title":{"rendered":"Felpa Michail Antonio"},"content":{"rendered":"<p>Il Natale \u00e8 un periodo di felicit\u00e0, gioia e&#8230; shock. Ricordiamo uno dei momenti del canale (e del recente calcio inglese), quando l&#8217;attaccante del West Ham Michail Antonio si \u00e8 schiantato con la sua Lamborghini contro la casa di una famiglia sorpresa e si \u00e8 dato alla fuga dopo una festa di Natale. La cosa migliore \u00e8 che il suo abbigliamento non era altro che un costume da pupazzo di neve.<\/p>\n<p><p>Immaginate la faccia di Meredith, dopo aver sentito la cosa pi\u00f9 simile a un terremoto che avesse mai vissuto in vita sua, quando ha visto un pupazzo di neve strisciare fuori da una supercar che aveva distrutto il suo giardino e la sua facciata.<\/p>\n<p><p> Vi consigliamo di evitare qualsiasi comportamento di guida spericolato e di indossare con orgoglio questo pezzo di storia de La Media Inglesa. Michail Antonio vi ringrazier\u00e0.<\/p>\n<p><p>Disclaimer: il peluche non include auto italiane o unit\u00e0 di carisma.<\/p>\n","protected":false},"excerpt":{"rendered":"<p>Il Natale \u00e8 un periodo di felicit\u00e0, gioia e&#8230; shock. Ricordiamo uno dei momenti del canale (e del recente calcio inglese), quando l&#8217;attaccante del West Ham Michail Antonio si \u00e8 schiantato con la sua Lamborghini contro la casa di una famiglia sorpresa e si \u00e8 dato alla fuga dopo una festa di Natale. La cosa migliore \u00e8 che il suo abbigliamento non era altro che un costume da pupazzo di neve.<\/p>\n<p><p>Immaginate la faccia di Meredith, dopo aver sentito la cosa pi\u00f9 simile a un terremoto che avesse mai vissuto in vita sua, quando ha visto un pupazzo di neve strisciare fuori da una supercar che aveva distrutto il suo giardino e la sua facciata.<\/p>\n<p><p> Vi consigliamo di evitare qualsiasi comportamento di guida spericolato e di indossare con orgoglio questo pezzo di storia de La Media Inglesa. Michail Antonio vi ringrazier\u00e0.<\/p>\n<p><p>Disclaimer: il peluche non include auto italiane o unit\u00e0 di carisma.<\/p>\n","protected":false},"featured_media":6066414,"template":"","meta":[],"product_brand":[],"product_cat":[4000532],"product_tag":[],"class_list":{"0":"post-6059530","1":"product","2":"type-product","3":"status-publish","4":"has-post-thumbnail","6":"product_cat-lmi-felpe","7":"no-featured-image-padding","8":"sales-flash-overlay","9":"woocommerce-text-align-center","10":"woocommerce-image-align-center","12":"first","13":"instock","14":"taxable","15":"shipping-taxable","16":"purchasable","17":"product-type-variable"},"_links":{"self":[{"href":"https:\/\/gambea.com\/it\/wp-json\/wp\/v2\/product\/6059530","targetHints":{"allow":["GET"]}}],"collection":[{"href":"https:\/\/gambea.com\/it\/wp-json\/wp\/v2\/product"}],"about":[{"href":"https:\/\/gambea.com\/it\/wp-json\/wp\/v2\/types\/product"}],"wp:featuredmedia":[{"embeddable":true,"href":"https:\/\/gambea.com\/it\/wp-json\/wp\/v2\/media\/6066414"}],"wp:attachment":[{"href":"https:\/\/gambea.com\/it\/wp-json\/wp\/v2\/media?parent=6059530"}],"wp:term":[{"taxonomy":"product_brand","embeddable":true,"href":"https:\/\/gambea.com\/it\/wp-json\/wp\/v2\/product_brand?post=6059530"},{"taxonomy":"product_cat","embeddable":true,"href":"https:\/\/gambea.com\/it\/wp-json\/wp\/v2\/product_cat?post=6059530"},{"taxonomy":"product_tag","embeddable":true,"href":"https:\/\/gambea.com\/it\/wp-json\/wp\/v2\/product_tag?post=6059530"}],"curies":[{"name":"wp","href":"https:\/\/api.w.org\/{rel}","templated":true}]}}