{"id":6059543,"date":"2022-04-11T13:21:50","date_gmt":"2022-04-11T11:21:50","guid":{"rendered":"https:\/\/gambea.com\/?post_type=product&#038;p=6050088"},"modified":"2026-04-02T12:21:17","modified_gmt":"2026-04-02T10:21:17","slug":"lmi-bufanda-lmi","status":"publish","type":"product","link":"https:\/\/gambea.com\/it\/lmi\/scarf-lmi\/","title":{"rendered":"Bufanda LMI"},"content":{"rendered":"<div class=\"woocommerce-tabs wc-tabs-wrapper\">\n<div id=\"tab-description\" class=\"woocommerce-Tabs-panel woocommerce-Tabs-panel--description panel entry-content wc-tab\" role=\"tabpanel\" aria-labelledby=\"tab-title-description\">\n<p>La primera bufanda del mercado que da fr\u00edo. Este dise\u00f1o fresqu\u00edsimo que te permitir\u00e1 poner las pilas a los de tu alrededor.<\/p>\n<\/div>\n<\/div>\n<section class=\"recent_products\"><\/section>\n","protected":false},"excerpt":{"rendered":"<p>La primera bufanda del mercado que da fr\u00edo. Este dise\u00f1o fresqu\u00edsimo que te permitir\u00e1 poner las pilas a los de tu alrededor.<\/p>\n","protected":false},"featured_media":6066412,"template":"","meta":[],"product_brand":[],"product_cat":[4000215],"product_tag":[],"class_list":{"0":"post-6059543","1":"product","2":"type-product","3":"status-publish","4":"has-post-thumbnail","6":"product_cat-lmi-sciarpe","7":"no-featured-image-padding","8":"sales-flash-overlay","9":"woocommerce-text-align-center","10":"woocommerce-image-align-center","12":"first","13":"instock","14":"taxable","15":"shipping-taxable","16":"purchasable","17":"product-type-simple"},"_links":{"self":[{"href":"https:\/\/gambea.com\/it\/wp-json\/wp\/v2\/product\/6059543","targetHints":{"allow":["GET"]}}],"collection":[{"href":"https:\/\/gambea.com\/it\/wp-json\/wp\/v2\/product"}],"about":[{"href":"https:\/\/gambea.com\/it\/wp-json\/wp\/v2\/types\/product"}],"wp:featuredmedia":[{"embeddable":true,"href":"https:\/\/gambea.com\/it\/wp-json\/wp\/v2\/media\/6066412"}],"wp:attachment":[{"href":"https:\/\/gambea.com\/it\/wp-json\/wp\/v2\/media?parent=6059543"}],"wp:term":[{"taxonomy":"product_brand","embeddable":true,"href":"https:\/\/gambea.com\/it\/wp-json\/wp\/v2\/product_brand?post=6059543"},{"taxonomy":"product_cat","embeddable":true,"href":"https:\/\/gambea.com\/it\/wp-json\/wp\/v2\/product_cat?post=6059543"},{"taxonomy":"product_tag","embeddable":true,"href":"https:\/\/gambea.com\/it\/wp-json\/wp\/v2\/product_tag?post=6059543"}],"curies":[{"name":"wp","href":"https:\/\/api.w.org\/{rel}","templated":true}]}}