{"id":6059648,"date":"2022-06-09T12:32:11","date_gmt":"2022-06-09T10:32:11","guid":{"rendered":"https:\/\/gambea.com\/?post_type=product&#038;p=6066886"},"modified":"2026-04-01T17:01:00","modified_gmt":"2026-04-01T15:01:00","slug":"lmi-libro-dilly-ding-dilly-dong","status":"publish","type":"product","link":"https:\/\/gambea.com\/it\/lmi\/libro-dilly-ding-dilly-dong\/","title":{"rendered":"Libro \u00a1Dilly-ding, dilly-dong!"},"content":{"rendered":"<p>\u00a1Dilly-ding, dilly-dong!: Leicester City, el triunfo m\u00e1s improbable de la historia del f\u00fatbol ingl\u00e9s<\/p>\n<p>Autore: Ilie Oleart Boeufve<\/p>\n","protected":false},"excerpt":{"rendered":"<p>\u00a1Dilly-ding, dilly-dong!: Leicester City, el triunfo m\u00e1s improbable de la historia del f\u00fatbol ingl\u00e9s<\/p>\n<p>Autore: Ilie Oleart Boeufve<\/p>\n","protected":false},"featured_media":6066575,"template":"","meta":[],"product_brand":[],"product_cat":[4000351],"product_tag":[],"class_list":{"0":"post-6059648","1":"product","2":"type-product","3":"status-publish","4":"has-post-thumbnail","6":"product_cat-lmi-libri","7":"no-featured-image-padding","8":"sales-flash-overlay","9":"woocommerce-text-align-center","10":"woocommerce-image-align-center","11":"wc-has-gallery","13":"first","14":"instock","15":"taxable","16":"shipping-taxable","17":"purchasable","18":"product-type-simple"},"_links":{"self":[{"href":"https:\/\/gambea.com\/it\/wp-json\/wp\/v2\/product\/6059648","targetHints":{"allow":["GET"]}}],"collection":[{"href":"https:\/\/gambea.com\/it\/wp-json\/wp\/v2\/product"}],"about":[{"href":"https:\/\/gambea.com\/it\/wp-json\/wp\/v2\/types\/product"}],"wp:featuredmedia":[{"embeddable":true,"href":"https:\/\/gambea.com\/it\/wp-json\/wp\/v2\/media\/6066575"}],"wp:attachment":[{"href":"https:\/\/gambea.com\/it\/wp-json\/wp\/v2\/media?parent=6059648"}],"wp:term":[{"taxonomy":"product_brand","embeddable":true,"href":"https:\/\/gambea.com\/it\/wp-json\/wp\/v2\/product_brand?post=6059648"},{"taxonomy":"product_cat","embeddable":true,"href":"https:\/\/gambea.com\/it\/wp-json\/wp\/v2\/product_cat?post=6059648"},{"taxonomy":"product_tag","embeddable":true,"href":"https:\/\/gambea.com\/it\/wp-json\/wp\/v2\/product_tag?post=6059648"}],"curies":[{"name":"wp","href":"https:\/\/api.w.org\/{rel}","templated":true}]}}