{"id":6059652,"date":"2022-06-14T19:01:29","date_gmt":"2022-06-14T17:01:29","guid":{"rendered":"https:\/\/gambea.com\/?post_type=product&#038;p=6083111"},"modified":"2025-09-01T11:05:02","modified_gmt":"2025-09-01T09:05:02","slug":"calzini-pack-solidarios","status":"publish","type":"product","link":"https:\/\/gambea.com\/it\/calzini\/pack-solidarity\/","title":{"rendered":"Pack-3 Calzini Solidarios I\u00f1aki, I\u00f1igo y Ra\u00fal Garc\u00eda"},"content":{"rendered":"<p><b>PACK x3 I\u00f1aki Williams &amp; I\u00f1igo Mart\u00ednez &amp; Ra\u00fal Garc\u00eda x Aladina<\/b>.<\/p>\n<p><p>I\u00f1aki Williams, I\u00f1igo Mart\u00ednez e Ra\u00fal Garc\u00eda presentano questa confezione di tre Calzini solidali a favore del lavoro sociale della Fondazione Aladina, che opera contro il cancro infantile. Collaborate!<\/p>\n","protected":false},"excerpt":{"rendered":"<p><b>PACK x3 I\u00f1aki Williams &amp; I\u00f1igo Mart\u00ednez &amp; Ra\u00fal Garc\u00eda x Aladina<\/b>.<\/p>\n<p><p>I\u00f1aki Williams, I\u00f1igo Mart\u00ednez e Ra\u00fal Garc\u00eda presentano questa confezione di tre Calzini solidali a favore del lavoro sociale della Fondazione Aladina, che opera contro il cancro infantile. Collaborate!<\/p>\n","protected":false},"featured_media":6066733,"template":"","meta":[],"product_brand":[],"product_cat":[79],"product_tag":[4000459,4000238,4000432],"class_list":{"0":"post-6059652","1":"product","2":"type-product","3":"status-publish","4":"has-post-thumbnail","6":"product_cat-packs","7":"product_tag-calzini-pack","8":"product_tag-outlet","9":"product_tag-pack-3","10":"no-featured-image-padding","11":"sales-flash-overlay","12":"woocommerce-text-align-center","13":"woocommerce-image-align-center","14":"wc-has-gallery","16":"first","17":"instock","18":"sale","19":"virtual","20":"taxable","21":"purchasable","22":"product-type-bopobb"},"_links":{"self":[{"href":"https:\/\/gambea.com\/it\/wp-json\/wp\/v2\/product\/6059652","targetHints":{"allow":["GET"]}}],"collection":[{"href":"https:\/\/gambea.com\/it\/wp-json\/wp\/v2\/product"}],"about":[{"href":"https:\/\/gambea.com\/it\/wp-json\/wp\/v2\/types\/product"}],"wp:featuredmedia":[{"embeddable":true,"href":"https:\/\/gambea.com\/it\/wp-json\/wp\/v2\/media\/6066733"}],"wp:attachment":[{"href":"https:\/\/gambea.com\/it\/wp-json\/wp\/v2\/media?parent=6059652"}],"wp:term":[{"taxonomy":"product_brand","embeddable":true,"href":"https:\/\/gambea.com\/it\/wp-json\/wp\/v2\/product_brand?post=6059652"},{"taxonomy":"product_cat","embeddable":true,"href":"https:\/\/gambea.com\/it\/wp-json\/wp\/v2\/product_cat?post=6059652"},{"taxonomy":"product_tag","embeddable":true,"href":"https:\/\/gambea.com\/it\/wp-json\/wp\/v2\/product_tag?post=6059652"}],"curies":[{"name":"wp","href":"https:\/\/api.w.org\/{rel}","templated":true}]}}