{"id":6061900,"date":"2023-07-23T20:18:41","date_gmt":"2023-07-23T18:18:41","guid":{"rendered":"https:\/\/gambea.com\/?post_type=product&#038;p=6083771"},"modified":"2026-04-02T13:30:02","modified_gmt":"2026-04-02T11:30:02","slug":"camiseta-derby-blanca","status":"publish","type":"product","link":"https:\/\/gambea.com\/it\/magliette\/derby-bianca\/","title":{"rendered":"Maglietta Derby Bianca"},"content":{"rendered":"<p>Questa maglietta bianca cattura la passione e l&#8217;intensit\u00e0 di uno degli scontri pi\u00f9 emozionanti del calcio italiano, una vera e propria testimonianza della rivalit\u00e0 e dello spettacolo che questo sport ci offre.<\/p>\n<p><strong>100% Cotone Biologico<\/strong><\/p>\n","protected":false},"excerpt":{"rendered":"<p>Questa maglietta bianca cattura la passione e l&#8217;intensit\u00e0 di uno degli scontri pi\u00f9 emozionanti del calcio italiano, una vera e propria testimonianza della rivalit\u00e0 e dello spettacolo che questo sport ci offre.<\/p>\n<p><strong>100% Cotone Biologico<\/strong><\/p>\n","protected":false},"featured_media":6066795,"template":"","meta":[],"product_brand":[],"product_cat":[4000155],"product_tag":[4000238],"class_list":{"0":"post-6061900","1":"product","2":"type-product","3":"status-publish","4":"has-post-thumbnail","6":"product_cat-leggende","7":"product_tag-outlet","8":"no-featured-image-padding","9":"sales-flash-overlay","10":"woocommerce-text-align-center","11":"woocommerce-image-align-center","12":"wc-has-gallery","14":"first","15":"outofstock","16":"sale","17":"taxable","18":"shipping-taxable","19":"purchasable","20":"product-type-variable"},"_links":{"self":[{"href":"https:\/\/gambea.com\/it\/wp-json\/wp\/v2\/product\/6061900","targetHints":{"allow":["GET"]}}],"collection":[{"href":"https:\/\/gambea.com\/it\/wp-json\/wp\/v2\/product"}],"about":[{"href":"https:\/\/gambea.com\/it\/wp-json\/wp\/v2\/types\/product"}],"wp:featuredmedia":[{"embeddable":true,"href":"https:\/\/gambea.com\/it\/wp-json\/wp\/v2\/media\/6066795"}],"wp:attachment":[{"href":"https:\/\/gambea.com\/it\/wp-json\/wp\/v2\/media?parent=6061900"}],"wp:term":[{"taxonomy":"product_brand","embeddable":true,"href":"https:\/\/gambea.com\/it\/wp-json\/wp\/v2\/product_brand?post=6061900"},{"taxonomy":"product_cat","embeddable":true,"href":"https:\/\/gambea.com\/it\/wp-json\/wp\/v2\/product_cat?post=6061900"},{"taxonomy":"product_tag","embeddable":true,"href":"https:\/\/gambea.com\/it\/wp-json\/wp\/v2\/product_tag?post=6061900"}],"curies":[{"name":"wp","href":"https:\/\/api.w.org\/{rel}","templated":true}]}}