{"id":6061906,"date":"2023-06-23T20:18:41","date_gmt":"2023-06-23T18:18:41","guid":{"rendered":"https:\/\/gambea.com\/?post_type=product&#038;p=6083772"},"modified":"2026-04-03T20:17:12","modified_gmt":"2026-04-03T18:17:12","slug":"camiseta-copa-blanca","status":"publish","type":"product","link":"https:\/\/gambea.com\/it\/magliette\/copa-bianca\/","title":{"rendered":"Maglietta Copa Bianca"},"content":{"rendered":"<p>Questo disegno su una maglia bianca \u00e8 un tributo a uno dei momenti pi\u00f9 iconici del calcio. Ogni dettaglio riflette l&#8217;eccitazione e la gioia che questo sport pu\u00f2 generare in un paese.<\/p>\n<p><strong>100% Cotone Biologico<\/strong><\/p>\n","protected":false},"excerpt":{"rendered":"<p>Questo disegno su una maglia bianca \u00e8 un tributo a uno dei momenti pi\u00f9 iconici del calcio. Ogni dettaglio riflette l&#8217;eccitazione e la gioia che questo sport pu\u00f2 generare in un paese.<\/p>\n<p><strong>100% Cotone Biologico<\/strong><\/p>\n","protected":false},"featured_media":6066798,"template":"","meta":[],"product_brand":[],"product_cat":[4000155],"product_tag":[],"class_list":{"0":"post-6061906","1":"product","2":"type-product","3":"status-publish","4":"has-post-thumbnail","6":"product_cat-leggende","7":"no-featured-image-padding","8":"sales-flash-overlay","9":"woocommerce-text-align-center","10":"woocommerce-image-align-center","11":"wc-has-gallery","13":"first","14":"instock","15":"taxable","16":"shipping-taxable","17":"purchasable","18":"product-type-variable"},"_links":{"self":[{"href":"https:\/\/gambea.com\/it\/wp-json\/wp\/v2\/product\/6061906","targetHints":{"allow":["GET"]}}],"collection":[{"href":"https:\/\/gambea.com\/it\/wp-json\/wp\/v2\/product"}],"about":[{"href":"https:\/\/gambea.com\/it\/wp-json\/wp\/v2\/types\/product"}],"wp:featuredmedia":[{"embeddable":true,"href":"https:\/\/gambea.com\/it\/wp-json\/wp\/v2\/media\/6066798"}],"wp:attachment":[{"href":"https:\/\/gambea.com\/it\/wp-json\/wp\/v2\/media?parent=6061906"}],"wp:term":[{"taxonomy":"product_brand","embeddable":true,"href":"https:\/\/gambea.com\/it\/wp-json\/wp\/v2\/product_brand?post=6061906"},{"taxonomy":"product_cat","embeddable":true,"href":"https:\/\/gambea.com\/it\/wp-json\/wp\/v2\/product_cat?post=6061906"},{"taxonomy":"product_tag","embeddable":true,"href":"https:\/\/gambea.com\/it\/wp-json\/wp\/v2\/product_tag?post=6061906"}],"curies":[{"name":"wp","href":"https:\/\/api.w.org\/{rel}","templated":true}]}}