{"id":6061979,"date":"2023-06-23T20:18:20","date_gmt":"2023-06-23T18:18:20","guid":{"rendered":"https:\/\/gambea.com\/?post_type=product&#038;p=6083684"},"modified":"2026-04-03T20:17:15","modified_gmt":"2026-04-03T18:17:15","slug":"camiseta-corner-negra","status":"publish","type":"product","link":"https:\/\/gambea.com\/it\/magliette\/corner-nera\/","title":{"rendered":"Maglietta Corner Nera"},"content":{"rendered":"<p>Celebra la magia e l&#8217;abilit\u00e0 di uno dei giocatori pi\u00f9 importanti del calcio inglese. Questa maglia nera \u00e8 un omaggio ai momenti magici e al carattere indimenticabile degli eroi del calcio.<\/p>\n<p><strong>100% Cotone Biologico<\/strong><\/p>\n","protected":false},"excerpt":{"rendered":"<p>Celebra la magia e l&#8217;abilit\u00e0 di uno dei giocatori pi\u00f9 importanti del calcio inglese. Questa maglia nera \u00e8 un omaggio ai momenti magici e al carattere indimenticabile degli eroi del calcio.<\/p>\n<p><strong>100% Cotone Biologico<\/strong><\/p>\n","protected":false},"featured_media":6066755,"template":"","meta":[],"product_brand":[],"product_cat":[4000690],"product_tag":[4000238],"class_list":{"0":"post-6061979","1":"product","2":"type-product","3":"status-publish","4":"has-post-thumbnail","6":"product_cat-reds-magliette","7":"product_tag-outlet","8":"no-featured-image-padding","9":"sales-flash-overlay","10":"woocommerce-text-align-center","11":"woocommerce-image-align-center","12":"wc-has-gallery","14":"first","15":"instock","16":"sale","17":"taxable","18":"shipping-taxable","19":"purchasable","20":"product-type-variable"},"_links":{"self":[{"href":"https:\/\/gambea.com\/it\/wp-json\/wp\/v2\/product\/6061979","targetHints":{"allow":["GET"]}}],"collection":[{"href":"https:\/\/gambea.com\/it\/wp-json\/wp\/v2\/product"}],"about":[{"href":"https:\/\/gambea.com\/it\/wp-json\/wp\/v2\/types\/product"}],"wp:featuredmedia":[{"embeddable":true,"href":"https:\/\/gambea.com\/it\/wp-json\/wp\/v2\/media\/6066755"}],"wp:attachment":[{"href":"https:\/\/gambea.com\/it\/wp-json\/wp\/v2\/media?parent=6061979"}],"wp:term":[{"taxonomy":"product_brand","embeddable":true,"href":"https:\/\/gambea.com\/it\/wp-json\/wp\/v2\/product_brand?post=6061979"},{"taxonomy":"product_cat","embeddable":true,"href":"https:\/\/gambea.com\/it\/wp-json\/wp\/v2\/product_cat?post=6061979"},{"taxonomy":"product_tag","embeddable":true,"href":"https:\/\/gambea.com\/it\/wp-json\/wp\/v2\/product_tag?post=6061979"}],"curies":[{"name":"wp","href":"https:\/\/api.w.org\/{rel}","templated":true}]}}