{"id":6067946,"date":"2024-12-09T01:35:49","date_gmt":"2024-12-09T00:35:49","guid":{"rendered":"https:\/\/gambea.com\/?post_type=product&#038;p=6177733"},"modified":"2026-04-03T20:16:48","modified_gmt":"2026-04-03T18:16:48","slug":"sudadera-pajaro","status":"publish","type":"product","link":"https:\/\/gambea.com\/it\/felpe\/pajaro\/","title":{"rendered":"Felpa Pajaro"},"content":{"rendered":"<p>Quando il pi\u00f9 grande vol\u00f2. In un perfetto ricamo su una felpa blu navy in cotone biologico. La felpa del nano. Arriver\u00e0 la 33? <br \/>\u2728 Dettagli del modello: \u00e8 alto 1,80 m e indossa la taglia M.<\/p>\n","protected":false},"excerpt":{"rendered":"<p>Quando il pi\u00f9 grande vol\u00f2. In un perfetto ricamo su una felpa blu navy in cotone biologico. La felpa del nano. Arriver\u00e0 la 33? <br \/>\u2728 Dettagli del modello: \u00e8 alto 1,80 m e indossa la taglia M.<\/p>\n","protected":false},"featured_media":6067656,"template":"","meta":[],"product_brand":[],"product_cat":[4000738],"product_tag":[],"class_list":{"0":"post-6067946","1":"product","2":"type-product","3":"status-publish","4":"has-post-thumbnail","6":"product_cat-motor-sweatshirts","7":"no-featured-image-padding","8":"sales-flash-overlay","9":"woocommerce-text-align-center","10":"woocommerce-image-align-center","11":"wc-has-gallery","13":"first","14":"instock","15":"taxable","16":"shipping-taxable","17":"purchasable","18":"product-type-variable"},"_links":{"self":[{"href":"https:\/\/gambea.com\/it\/wp-json\/wp\/v2\/product\/6067946","targetHints":{"allow":["GET"]}}],"collection":[{"href":"https:\/\/gambea.com\/it\/wp-json\/wp\/v2\/product"}],"about":[{"href":"https:\/\/gambea.com\/it\/wp-json\/wp\/v2\/types\/product"}],"wp:featuredmedia":[{"embeddable":true,"href":"https:\/\/gambea.com\/it\/wp-json\/wp\/v2\/media\/6067656"}],"wp:attachment":[{"href":"https:\/\/gambea.com\/it\/wp-json\/wp\/v2\/media?parent=6067946"}],"wp:term":[{"taxonomy":"product_brand","embeddable":true,"href":"https:\/\/gambea.com\/it\/wp-json\/wp\/v2\/product_brand?post=6067946"},{"taxonomy":"product_cat","embeddable":true,"href":"https:\/\/gambea.com\/it\/wp-json\/wp\/v2\/product_cat?post=6067946"},{"taxonomy":"product_tag","embeddable":true,"href":"https:\/\/gambea.com\/it\/wp-json\/wp\/v2\/product_tag?post=6067946"}],"curies":[{"name":"wp","href":"https:\/\/api.w.org\/{rel}","templated":true}]}}