{"id":6069508,"date":"2025-03-05T20:42:28","date_gmt":"2025-03-05T19:42:28","guid":{"rendered":"https:\/\/gambea.com\/?post_type=product&#038;p=6196403"},"modified":"2026-04-17T11:58:54","modified_gmt":"2026-04-17T09:58:54","slug":"hoodie-aficion-barna","status":"publish","type":"product","link":"https:\/\/gambea.com\/it\/felpe\/felpa-con-cappuccio-aficion-barna\/","title":{"rendered":"Felpa con cappuccio Afici\u00f3n Barna"},"content":{"rendered":"<p>La felpa con cappuccio Afici\u00f3n Barna \u00e8 realizzata con un morbido interno in pile che ti protegge dal freddo nelle giornate di partita. \u00c8 perfetta per andare allo stadio, viaggiare alle trasferte o da indossare ogni giorno con i tuoi jeans preferiti.<\/p>\n","protected":false},"excerpt":{"rendered":"<p>Felpa con cappuccio Afici\u00f3n Barna con interno in pile morbido, ideale per le giornate di partita fredde e le trasferte.<\/p>\n","protected":false},"featured_media":6069265,"template":"","meta":[],"product_brand":[],"product_cat":[4000766],"product_tag":[4000771],"class_list":{"0":"post-6069508","1":"product","2":"type-product","3":"status-publish","4":"has-post-thumbnail","6":"product_cat-sudaderas-con-capucha-barna","7":"product_tag-hoodie-aficion","8":"no-featured-image-padding","9":"sales-flash-overlay","10":"woocommerce-text-align-center","11":"woocommerce-image-align-center","12":"wc-has-gallery","14":"first","15":"instock","16":"taxable","17":"shipping-taxable","18":"purchasable","19":"product-type-variable"},"_links":{"self":[{"href":"https:\/\/gambea.com\/it\/wp-json\/wp\/v2\/product\/6069508","targetHints":{"allow":["GET"]}}],"collection":[{"href":"https:\/\/gambea.com\/it\/wp-json\/wp\/v2\/product"}],"about":[{"href":"https:\/\/gambea.com\/it\/wp-json\/wp\/v2\/types\/product"}],"wp:featuredmedia":[{"embeddable":true,"href":"https:\/\/gambea.com\/it\/wp-json\/wp\/v2\/media\/6069265"}],"wp:attachment":[{"href":"https:\/\/gambea.com\/it\/wp-json\/wp\/v2\/media?parent=6069508"}],"wp:term":[{"taxonomy":"product_brand","embeddable":true,"href":"https:\/\/gambea.com\/it\/wp-json\/wp\/v2\/product_brand?post=6069508"},{"taxonomy":"product_cat","embeddable":true,"href":"https:\/\/gambea.com\/it\/wp-json\/wp\/v2\/product_cat?post=6069508"},{"taxonomy":"product_tag","embeddable":true,"href":"https:\/\/gambea.com\/it\/wp-json\/wp\/v2\/product_tag?post=6069508"}],"curies":[{"name":"wp","href":"https:\/\/api.w.org\/{rel}","templated":true}]}}