{"id":6069608,"date":"2025-05-27T12:02:03","date_gmt":"2025-05-27T10:02:03","guid":{"rendered":"https:\/\/gambea.com\/?post_type=product&#038;p=6206777"},"modified":"2026-04-03T20:16:38","modified_gmt":"2026-04-03T18:16:38","slug":"camiseta-matchday-seleccion","status":"publish","type":"product","link":"https:\/\/gambea.com\/it\/magliette\/maglietta-matchday-seleccion\/","title":{"rendered":"Maglietta Matchday Selecci\u00f3n"},"content":{"rendered":"<p>Matchday Selecci\u00f3n&#8217; \u00e8 una Maglietta in cotone pensata per i tifosi che amano il calcio retr\u00f2. La stampa mostra un appendiabiti con maglie storiche che ricordano i grandi momenti del club. Il tessuto morbido e la vestibilit\u00e0 regular la rendono perfetta da indossare nelle giornate di partita, sia allo stadio che per strada.<\/p>\n","protected":false},"excerpt":{"rendered":"<p>Maglietta in cotone &#8216;Matchday Selecci\u00f3n&#8217; con una grafica retr\u00f2 a appendiabiti che celebra la storia del club attraverso le sue maglie.<\/p>\n","protected":false},"featured_media":6068812,"template":"","meta":[],"product_brand":[],"product_cat":[4000728],"product_tag":[4000769],"class_list":{"0":"post-6069608","1":"product","2":"type-product","3":"status-publish","4":"has-post-thumbnail","6":"product_cat-magliette-seleccion","7":"product_tag-matchday","8":"no-featured-image-padding","9":"sales-flash-overlay","10":"woocommerce-text-align-center","11":"woocommerce-image-align-center","12":"wc-has-gallery","14":"first","15":"instock","16":"taxable","17":"shipping-taxable","18":"purchasable","19":"product-type-variable"},"_links":{"self":[{"href":"https:\/\/gambea.com\/it\/wp-json\/wp\/v2\/product\/6069608","targetHints":{"allow":["GET"]}}],"collection":[{"href":"https:\/\/gambea.com\/it\/wp-json\/wp\/v2\/product"}],"about":[{"href":"https:\/\/gambea.com\/it\/wp-json\/wp\/v2\/types\/product"}],"wp:featuredmedia":[{"embeddable":true,"href":"https:\/\/gambea.com\/it\/wp-json\/wp\/v2\/media\/6068812"}],"wp:attachment":[{"href":"https:\/\/gambea.com\/it\/wp-json\/wp\/v2\/media?parent=6069608"}],"wp:term":[{"taxonomy":"product_brand","embeddable":true,"href":"https:\/\/gambea.com\/it\/wp-json\/wp\/v2\/product_brand?post=6069608"},{"taxonomy":"product_cat","embeddable":true,"href":"https:\/\/gambea.com\/it\/wp-json\/wp\/v2\/product_cat?post=6069608"},{"taxonomy":"product_tag","embeddable":true,"href":"https:\/\/gambea.com\/it\/wp-json\/wp\/v2\/product_tag?post=6069608"}],"curies":[{"name":"wp","href":"https:\/\/api.w.org\/{rel}","templated":true}]}}