{"id":6069652,"date":"2025-06-06T13:26:17","date_gmt":"2025-06-06T11:26:17","guid":{"rendered":"https:\/\/gambea.com\/?post_type=product&#038;p=6208311"},"modified":"2026-04-03T23:03:52","modified_gmt":"2026-04-03T21:03:52","slug":"camiseta-oversize-aficion-che","status":"publish","type":"product","link":"https:\/\/gambea.com\/it\/magliette\/maglietta-oversize-aficion-che\/","title":{"rendered":"Maglietta Oversize Afici\u00f3n Che"},"content":{"rendered":"<p>La Maglietta Oversize Afici\u00f3n Che \u00e8 realizzata in cotone premium con una vestibilit\u00e0 ampia e rilassata. \u00c8 pensata perch\u00e9 tu possa tifare la tua squadra nel massimo comfort, unendo lo stile da curva alla moda di tutti i giorni. Ideale da indossare sopra una maglia a maniche lunghe o da sola nelle giornate pi\u00f9 calde.<\/p>\n","protected":false},"excerpt":{"rendered":"<p>Maglietta oversize Afici\u00f3n Che in cotone premium e fit rilassato, perfetta per le partite e per lo streetwear.<\/p>\n","protected":false},"featured_media":6068897,"template":"","meta":[],"product_brand":[],"product_cat":[4000158],"product_tag":[4000780],"class_list":{"0":"post-6069652","1":"product","2":"type-product","3":"status-publish","4":"has-post-thumbnail","6":"product_cat-c-terreta","7":"product_tag-oversize-aficion","8":"no-featured-image-padding","9":"sales-flash-overlay","10":"woocommerce-text-align-center","11":"woocommerce-image-align-center","12":"wc-has-gallery","14":"first","15":"instock","16":"taxable","17":"shipping-taxable","18":"purchasable","19":"product-type-variable"},"_links":{"self":[{"href":"https:\/\/gambea.com\/it\/wp-json\/wp\/v2\/product\/6069652","targetHints":{"allow":["GET"]}}],"collection":[{"href":"https:\/\/gambea.com\/it\/wp-json\/wp\/v2\/product"}],"about":[{"href":"https:\/\/gambea.com\/it\/wp-json\/wp\/v2\/types\/product"}],"wp:featuredmedia":[{"embeddable":true,"href":"https:\/\/gambea.com\/it\/wp-json\/wp\/v2\/media\/6068897"}],"wp:attachment":[{"href":"https:\/\/gambea.com\/it\/wp-json\/wp\/v2\/media?parent=6069652"}],"wp:term":[{"taxonomy":"product_brand","embeddable":true,"href":"https:\/\/gambea.com\/it\/wp-json\/wp\/v2\/product_brand?post=6069652"},{"taxonomy":"product_cat","embeddable":true,"href":"https:\/\/gambea.com\/it\/wp-json\/wp\/v2\/product_cat?post=6069652"},{"taxonomy":"product_tag","embeddable":true,"href":"https:\/\/gambea.com\/it\/wp-json\/wp\/v2\/product_tag?post=6069652"}],"curies":[{"name":"wp","href":"https:\/\/api.w.org\/{rel}","templated":true}]}}