{"id":6069676,"date":"2025-07-24T11:36:11","date_gmt":"2025-07-24T09:36:11","guid":{"rendered":"https:\/\/gambea.com\/?post_type=product&#038;p=6213354"},"modified":"2026-04-17T20:12:10","modified_gmt":"2026-04-17T18:12:10","slug":"camiseta-oversize-aficion-boquerones","status":"publish","type":"product","link":"https:\/\/gambea.com\/it\/magliette\/maglietta-oversize-aficion-boquerones\/","title":{"rendered":"Maglietta Oversize Afici\u00f3n Boquerones"},"content":{"rendered":"<p>La Maglietta Oversize Afici\u00f3n Boquerones \u00e8 realizzata in cotone premium con una vestibilit\u00e0 ampia e rilassata. \u00c8 pensata perch\u00e9 tu possa tifare la tua squadra nel massimo comfort, unendo lo stile da curva alla moda di tutti i giorni. Ideale da indossare sopra una maglia a maniche lunghe o da sola nelle giornate pi\u00f9 calde.<\/p>\n","protected":false},"excerpt":{"rendered":"<p>Maglietta oversize Afici\u00f3n Boquerones in cotone premium e fit rilassato, perfetta per le partite e per lo streetwear.<\/p>\n","protected":false},"featured_media":6068964,"template":"","meta":[],"product_brand":[],"product_cat":[4000779],"product_tag":[4000780],"class_list":{"0":"post-6069676","1":"product","2":"type-product","3":"status-publish","4":"has-post-thumbnail","6":"product_cat-camisetas-algodon-boquerones","7":"product_tag-oversize-aficion","8":"no-featured-image-padding","9":"sales-flash-overlay","10":"woocommerce-text-align-center","11":"woocommerce-image-align-center","12":"wc-has-gallery","14":"first","15":"instock","16":"taxable","17":"shipping-taxable","18":"purchasable","19":"product-type-variable"},"_links":{"self":[{"href":"https:\/\/gambea.com\/it\/wp-json\/wp\/v2\/product\/6069676","targetHints":{"allow":["GET"]}}],"collection":[{"href":"https:\/\/gambea.com\/it\/wp-json\/wp\/v2\/product"}],"about":[{"href":"https:\/\/gambea.com\/it\/wp-json\/wp\/v2\/types\/product"}],"wp:featuredmedia":[{"embeddable":true,"href":"https:\/\/gambea.com\/it\/wp-json\/wp\/v2\/media\/6068964"}],"wp:attachment":[{"href":"https:\/\/gambea.com\/it\/wp-json\/wp\/v2\/media?parent=6069676"}],"wp:term":[{"taxonomy":"product_brand","embeddable":true,"href":"https:\/\/gambea.com\/it\/wp-json\/wp\/v2\/product_brand?post=6069676"},{"taxonomy":"product_cat","embeddable":true,"href":"https:\/\/gambea.com\/it\/wp-json\/wp\/v2\/product_cat?post=6069676"},{"taxonomy":"product_tag","embeddable":true,"href":"https:\/\/gambea.com\/it\/wp-json\/wp\/v2\/product_tag?post=6069676"}],"curies":[{"name":"wp","href":"https:\/\/api.w.org\/{rel}","templated":true}]}}