{"id":6069750,"date":"2025-10-02T10:37:44","date_gmt":"2025-10-02T08:37:44","guid":{"rendered":"https:\/\/gambea.com\/?post_type=product&#038;p=6218804"},"modified":"2026-04-19T02:15:19","modified_gmt":"2026-04-19T00:15:19","slug":"camiseta-matchday-chamartin-blanco","status":"publish","type":"product","link":"https:\/\/gambea.com\/it\/magliette\/maglietta-matchday-chamartin-bianca\/","title":{"rendered":"Maglietta Matchday Chamart\u00edn bianca"},"content":{"rendered":"<p>Matchday Matchday Chamart\u00edn&#8217; \u00e8 una Maglietta in cotone pensata per i tifosi che amano il calcio retr\u00f2. La stampa mostra un appendiabiti con maglie storiche che ricordano i grandi momenti del club. Il tessuto morbido e la vestibilit\u00e0 regular la rendono perfetta da indossare nelle giornate di partita in bianco, sia allo stadio che per strada.<\/p>\n","protected":false},"excerpt":{"rendered":"<p>Maglietta in cotone &#8216;Matchday Matchday Chamart\u00edn&#8217; con una grafica retr\u00f2 a appendiabiti che celebra la storia del club attraverso le sue maglie in bianco.<\/p>\n","protected":false},"featured_media":6069236,"template":"","meta":[],"product_brand":[],"product_cat":[4000156],"product_tag":[4000769],"class_list":{"0":"post-6069750","1":"product","2":"type-product","3":"status-publish","4":"has-post-thumbnail","6":"product_cat-c-chamartin","7":"product_tag-matchday","8":"no-featured-image-padding","9":"sales-flash-overlay","10":"woocommerce-text-align-center","11":"woocommerce-image-align-center","12":"wc-has-gallery","14":"first","15":"instock","16":"taxable","17":"shipping-taxable","18":"purchasable","19":"product-type-variable"},"_links":{"self":[{"href":"https:\/\/gambea.com\/it\/wp-json\/wp\/v2\/product\/6069750","targetHints":{"allow":["GET"]}}],"collection":[{"href":"https:\/\/gambea.com\/it\/wp-json\/wp\/v2\/product"}],"about":[{"href":"https:\/\/gambea.com\/it\/wp-json\/wp\/v2\/types\/product"}],"wp:featuredmedia":[{"embeddable":true,"href":"https:\/\/gambea.com\/it\/wp-json\/wp\/v2\/media\/6069236"}],"wp:attachment":[{"href":"https:\/\/gambea.com\/it\/wp-json\/wp\/v2\/media?parent=6069750"}],"wp:term":[{"taxonomy":"product_brand","embeddable":true,"href":"https:\/\/gambea.com\/it\/wp-json\/wp\/v2\/product_brand?post=6069750"},{"taxonomy":"product_cat","embeddable":true,"href":"https:\/\/gambea.com\/it\/wp-json\/wp\/v2\/product_cat?post=6069750"},{"taxonomy":"product_tag","embeddable":true,"href":"https:\/\/gambea.com\/it\/wp-json\/wp\/v2\/product_tag?post=6069750"}],"curies":[{"name":"wp","href":"https:\/\/api.w.org\/{rel}","templated":true}]}}