{"id":6069778,"date":"2025-10-17T11:51:51","date_gmt":"2025-10-17T09:51:51","guid":{"rendered":"https:\/\/gambea.com\/?post_type=product&#038;p=6220250"},"modified":"2026-04-19T19:19:03","modified_gmt":"2026-04-19T17:19:03","slug":"sudadera-aficion-chamartin-navy","status":"publish","type":"product","link":"https:\/\/gambea.com\/it\/felpe\/felpa-blu-navy-aficion-chamartin\/","title":{"rendered":"Felpa blu navy Afici\u00f3n Chamart\u00edn"},"content":{"rendered":"<p>La felpa girocollo Afici\u00f3n Chamart\u00edn in blu navy \u00e8 realizzata in tessuto morbido garzato internamente per un extra comfort. \u00c8 ideale per andare allo stadio, guardare la partita in terrazza o da indossare ogni giorno con i tuoi outfit preferiti.<\/p>\n","protected":false},"excerpt":{"rendered":"<p>Felpa girocollo Afici\u00f3n Chamart\u00edn in blu navy, pensata per i tifosi che vogliono mostrare i propri colori con comodit\u00e0.<\/p>\n","protected":false},"featured_media":6069261,"template":"","meta":[],"product_brand":[],"product_cat":[4000744],"product_tag":[4000772],"class_list":{"0":"post-6069778","1":"product","2":"type-product","3":"status-publish","4":"has-post-thumbnail","6":"product_cat-chamartin-sweatshirt","7":"product_tag-aficion","8":"no-featured-image-padding","9":"sales-flash-overlay","10":"woocommerce-text-align-center","11":"woocommerce-image-align-center","12":"wc-has-gallery","14":"first","15":"instock","16":"taxable","17":"shipping-taxable","18":"purchasable","19":"product-type-variable"},"_links":{"self":[{"href":"https:\/\/gambea.com\/it\/wp-json\/wp\/v2\/product\/6069778","targetHints":{"allow":["GET"]}}],"collection":[{"href":"https:\/\/gambea.com\/it\/wp-json\/wp\/v2\/product"}],"about":[{"href":"https:\/\/gambea.com\/it\/wp-json\/wp\/v2\/types\/product"}],"wp:featuredmedia":[{"embeddable":true,"href":"https:\/\/gambea.com\/it\/wp-json\/wp\/v2\/media\/6069261"}],"wp:attachment":[{"href":"https:\/\/gambea.com\/it\/wp-json\/wp\/v2\/media?parent=6069778"}],"wp:term":[{"taxonomy":"product_brand","embeddable":true,"href":"https:\/\/gambea.com\/it\/wp-json\/wp\/v2\/product_brand?post=6069778"},{"taxonomy":"product_cat","embeddable":true,"href":"https:\/\/gambea.com\/it\/wp-json\/wp\/v2\/product_cat?post=6069778"},{"taxonomy":"product_tag","embeddable":true,"href":"https:\/\/gambea.com\/it\/wp-json\/wp\/v2\/product_tag?post=6069778"}],"curies":[{"name":"wp","href":"https:\/\/api.w.org\/{rel}","templated":true}]}}