{"id":2010672,"date":"2019-12-01T18:45:57","date_gmt":"2019-12-01T18:45:57","guid":{"rendered":"https:\/\/gambea.com\/mx\/?post_type=product&#038;p=2010672"},"modified":"2025-06-26T13:25:03","modified_gmt":"2025-06-26T19:25:03","slug":"minuto-93","status":"publish","type":"product","link":"https:\/\/gambea.com\/mx\/calcetines\/minuto-93\/","title":{"rendered":"Calcetines Minuto 93"},"content":{"rendered":"<p>\u00daltima jugada del partido. Saque de esquina. A segundos de dejar escapar un t\u00edtulo europeo. Y ah\u00ed aparece el cabezazo m\u00e1s ic\u00f3nico de todas las finales europeas. La ciudad de Madrid vibr\u00f3.<\/p>\n<p>Calcetines perfectos para picar a tu colega rojiblanco.<\/p>\n","protected":false},"excerpt":{"rendered":"<p>\u00daltima jugada del partido. Saque de esquina. A segundos de dejar escapar un t\u00edtulo europeo. Y ah\u00ed aparece el cabezazo m\u00e1s ic\u00f3nico de todas las finales europeas. La ciudad de Madrid vibr\u00f3.<\/p>\n<p>Calcetines perfectos para picar a tu colega rojiblanco.<\/p>\n","protected":false},"featured_media":6109540,"template":"","meta":[],"product_brand":[],"product_cat":[73],"product_tag":[],"class_list":{"0":"post-2010672","1":"product","2":"type-product","3":"status-publish","4":"has-post-thumbnail","6":"product_cat-chamartin","7":"no-featured-image-padding","8":"sales-flash-overlay","9":"woocommerce-text-align-center","10":"woocommerce-image-align-center","11":"wc-has-gallery","13":"first","14":"outofstock","15":"taxable","16":"shipping-taxable","17":"purchasable","18":"product-type-simple"},"_links":{"self":[{"href":"https:\/\/gambea.com\/mx\/wp-json\/wp\/v2\/product\/2010672","targetHints":{"allow":["GET"]}}],"collection":[{"href":"https:\/\/gambea.com\/mx\/wp-json\/wp\/v2\/product"}],"about":[{"href":"https:\/\/gambea.com\/mx\/wp-json\/wp\/v2\/types\/product"}],"wp:featuredmedia":[{"embeddable":true,"href":"https:\/\/gambea.com\/mx\/wp-json\/wp\/v2\/media\/6109540"}],"wp:attachment":[{"href":"https:\/\/gambea.com\/mx\/wp-json\/wp\/v2\/media?parent=2010672"}],"wp:term":[{"taxonomy":"product_brand","embeddable":true,"href":"https:\/\/gambea.com\/mx\/wp-json\/wp\/v2\/product_brand?post=2010672"},{"taxonomy":"product_cat","embeddable":true,"href":"https:\/\/gambea.com\/mx\/wp-json\/wp\/v2\/product_cat?post=2010672"},{"taxonomy":"product_tag","embeddable":true,"href":"https:\/\/gambea.com\/mx\/wp-json\/wp\/v2\/product_tag?post=2010672"}],"curies":[{"name":"wp","href":"https:\/\/api.w.org\/{rel}","templated":true}]}}