{"id":2630,"date":"2019-04-21T17:32:16","date_gmt":"2019-04-21T17:32:16","guid":{"rendered":"https:\/\/gambea.com\/mx\/?post_type=product&#038;p=2630"},"modified":"2025-06-26T13:25:04","modified_gmt":"2025-06-26T19:25:04","slug":"mano-de-dios","status":"publish","type":"product","link":"https:\/\/gambea.com\/mx\/calcetines\/albiceleste\/","title":{"rendered":"Calcetines Albiceleste"},"content":{"rendered":"<p>Hay im\u00e1genes en el f\u00fatbol llenas de m\u00edstica, y luego esta.<\/p>\n<p>Una jugada que levant\u00f3 a un pa\u00eds, realizada por un futbolista irrepetible y en un duelo entre dos pa\u00edses que trascend\u00eda al propio f\u00fatbol.<\/p>\n<p>Ponle un pedazo de historia a tus pies.<\/p>\n","protected":false},"excerpt":{"rendered":"<p>Hay im\u00e1genes en el f\u00fatbol llenas de m\u00edstica, y luego esta.<\/p>\n<p>Una jugada que levant\u00f3 a un pa\u00eds, realizada por un futbolista irrepetible y en un duelo entre dos pa\u00edses que trascend\u00eda al propio f\u00fatbol.<\/p>\n<p>Ponle un pedazo de historia a tus pies.<\/p>\n","protected":false},"featured_media":6109536,"template":"","meta":[],"product_brand":[],"product_cat":[72],"product_tag":[],"class_list":{"0":"post-2630","1":"product","2":"type-product","3":"status-publish","4":"has-post-thumbnail","6":"product_cat-leyendas","7":"no-featured-image-padding","8":"sales-flash-overlay","9":"woocommerce-text-align-center","10":"woocommerce-image-align-center","11":"wc-has-gallery","13":"first","14":"outofstock","15":"taxable","16":"shipping-taxable","17":"purchasable","18":"product-type-simple"},"_links":{"self":[{"href":"https:\/\/gambea.com\/mx\/wp-json\/wp\/v2\/product\/2630","targetHints":{"allow":["GET"]}}],"collection":[{"href":"https:\/\/gambea.com\/mx\/wp-json\/wp\/v2\/product"}],"about":[{"href":"https:\/\/gambea.com\/mx\/wp-json\/wp\/v2\/types\/product"}],"wp:featuredmedia":[{"embeddable":true,"href":"https:\/\/gambea.com\/mx\/wp-json\/wp\/v2\/media\/6109536"}],"wp:attachment":[{"href":"https:\/\/gambea.com\/mx\/wp-json\/wp\/v2\/media?parent=2630"}],"wp:term":[{"taxonomy":"product_brand","embeddable":true,"href":"https:\/\/gambea.com\/mx\/wp-json\/wp\/v2\/product_brand?post=2630"},{"taxonomy":"product_cat","embeddable":true,"href":"https:\/\/gambea.com\/mx\/wp-json\/wp\/v2\/product_cat?post=2630"},{"taxonomy":"product_tag","embeddable":true,"href":"https:\/\/gambea.com\/mx\/wp-json\/wp\/v2\/product_tag?post=2630"}],"curies":[{"name":"wp","href":"https:\/\/api.w.org\/{rel}","templated":true}]}}