{"id":2661,"date":"2019-04-21T18:46:26","date_gmt":"2019-04-21T18:46:26","guid":{"rendered":"https:\/\/gambea.com\/mx\/?post_type=product&#038;p=2661"},"modified":"2025-06-26T13:25:03","modified_gmt":"2025-06-26T19:25:03","slug":"anillo","status":"publish","type":"product","link":"https:\/\/gambea.com\/mx\/calcetines\/anillo\/","title":{"rendered":"Calcetines Anillo"},"content":{"rendered":"<p>Una celebraci\u00f3n ic\u00f3nica en la historia del f\u00fatbol espa\u00f1ol.<\/p>\n<p>\u00bfSu due\u00f1o? El futbolista nacido en Madrid que m\u00e1s veces se ha vestido de blanco. 323 goles a sus espaldas que batieron todos los r\u00e9cords posibles tanto en Espa\u00f1a como en el resto de Europa.<\/p>\n<p>Si, este calcet\u00edn es real, y si quieres a una aut\u00e9ntica leyenda viva en el caj\u00f3n de los calcetines, \u00e9sta es tu mejor opci\u00f3n.<\/p>\n","protected":false},"excerpt":{"rendered":"<p>Una celebraci\u00f3n ic\u00f3nica en la historia del f\u00fatbol espa\u00f1ol.<\/p>\n<p>\u00bfSu due\u00f1o? El futbolista nacido en Madrid que m\u00e1s veces se ha vestido de blanco. 323 goles a sus espaldas que batieron todos los r\u00e9cords posibles tanto en Espa\u00f1a como en el resto de Europa.<\/p>\n<p>Si, este calcet\u00edn es real, y si quieres a una aut\u00e9ntica leyenda viva en el caj\u00f3n de los calcetines, \u00e9sta es tu mejor opci\u00f3n.<\/p>\n","protected":false},"featured_media":6109553,"template":"","meta":[],"product_brand":[],"product_cat":[73],"product_tag":[],"class_list":{"0":"post-2661","1":"product","2":"type-product","3":"status-publish","4":"has-post-thumbnail","6":"product_cat-chamartin","7":"no-featured-image-padding","8":"sales-flash-overlay","9":"woocommerce-text-align-center","10":"woocommerce-image-align-center","11":"wc-has-gallery","13":"first","14":"outofstock","15":"taxable","16":"shipping-taxable","17":"purchasable","18":"product-type-simple"},"_links":{"self":[{"href":"https:\/\/gambea.com\/mx\/wp-json\/wp\/v2\/product\/2661","targetHints":{"allow":["GET"]}}],"collection":[{"href":"https:\/\/gambea.com\/mx\/wp-json\/wp\/v2\/product"}],"about":[{"href":"https:\/\/gambea.com\/mx\/wp-json\/wp\/v2\/types\/product"}],"wp:featuredmedia":[{"embeddable":true,"href":"https:\/\/gambea.com\/mx\/wp-json\/wp\/v2\/media\/6109553"}],"wp:attachment":[{"href":"https:\/\/gambea.com\/mx\/wp-json\/wp\/v2\/media?parent=2661"}],"wp:term":[{"taxonomy":"product_brand","embeddable":true,"href":"https:\/\/gambea.com\/mx\/wp-json\/wp\/v2\/product_brand?post=2661"},{"taxonomy":"product_cat","embeddable":true,"href":"https:\/\/gambea.com\/mx\/wp-json\/wp\/v2\/product_cat?post=2661"},{"taxonomy":"product_tag","embeddable":true,"href":"https:\/\/gambea.com\/mx\/wp-json\/wp\/v2\/product_tag?post=2661"}],"curies":[{"name":"wp","href":"https:\/\/api.w.org\/{rel}","templated":true}]}}