{"id":6026542,"date":"2020-10-01T17:43:32","date_gmt":"2020-10-01T17:43:32","guid":{"rendered":"https:\/\/gambea.com\/mx\/?post_type=product&#038;p=6026542"},"modified":"2025-06-26T13:25:03","modified_gmt":"2025-06-26T19:25:03","slug":"bicho","status":"publish","type":"product","link":"https:\/\/gambea.com\/mx\/calcetines\/bicho\/","title":{"rendered":"Calcetines Bicho"},"content":{"rendered":"<p>La celebraci\u00f3n que m\u00e1s ha presenciado el aficionado en los \u00faltimos 10 a\u00f1os, pero en forma de calcetines. \u00bfQu\u00e9 puede salir mal?<\/p>\n<p>Dice el refr\u00e1n: bicho malo nunca muere.<\/p>\n<p>Este &#8220;eterno&#8221; del f\u00fatbol llega bordado sobre unos calcetines de algod\u00f3n peinado para que pasees sonriente por Madrid.<\/p>\n","protected":false},"excerpt":{"rendered":"<p>La celebraci\u00f3n que m\u00e1s ha presenciado el aficionado en los \u00faltimos 10 a\u00f1os, pero en forma de calcetines. \u00bfQu\u00e9 puede salir mal?<\/p>\n<p>Dice el refr\u00e1n: bicho malo nunca muere.<\/p>\n<p>Este &#8220;eterno&#8221; del f\u00fatbol llega bordado sobre unos calcetines de algod\u00f3n peinado para que pasees sonriente por Madrid.<\/p>\n","protected":false},"featured_media":6109518,"template":"","meta":[],"product_brand":[],"product_cat":[73],"product_tag":[],"class_list":{"0":"post-6026542","1":"product","2":"type-product","3":"status-publish","4":"has-post-thumbnail","6":"product_cat-chamartin","7":"no-featured-image-padding","8":"sales-flash-overlay","9":"woocommerce-text-align-center","10":"woocommerce-image-align-center","11":"wc-has-gallery","13":"first","14":"outofstock","15":"taxable","16":"shipping-taxable","17":"purchasable","18":"product-type-simple"},"_links":{"self":[{"href":"https:\/\/gambea.com\/mx\/wp-json\/wp\/v2\/product\/6026542","targetHints":{"allow":["GET"]}}],"collection":[{"href":"https:\/\/gambea.com\/mx\/wp-json\/wp\/v2\/product"}],"about":[{"href":"https:\/\/gambea.com\/mx\/wp-json\/wp\/v2\/types\/product"}],"wp:featuredmedia":[{"embeddable":true,"href":"https:\/\/gambea.com\/mx\/wp-json\/wp\/v2\/media\/6109518"}],"wp:attachment":[{"href":"https:\/\/gambea.com\/mx\/wp-json\/wp\/v2\/media?parent=6026542"}],"wp:term":[{"taxonomy":"product_brand","embeddable":true,"href":"https:\/\/gambea.com\/mx\/wp-json\/wp\/v2\/product_brand?post=6026542"},{"taxonomy":"product_cat","embeddable":true,"href":"https:\/\/gambea.com\/mx\/wp-json\/wp\/v2\/product_cat?post=6026542"},{"taxonomy":"product_tag","embeddable":true,"href":"https:\/\/gambea.com\/mx\/wp-json\/wp\/v2\/product_tag?post=6026542"}],"curies":[{"name":"wp","href":"https:\/\/api.w.org\/{rel}","templated":true}]}}