{"id":6050045,"date":"2022-04-11T12:29:40","date_gmt":"2022-04-11T10:29:40","guid":{"rendered":"https:\/\/gambea.com\/mx\/?post_type=product&#038;p=6050045"},"modified":"2025-06-26T13:25:02","modified_gmt":"2025-06-26T19:25:02","slug":"calcetines-kick","status":"publish","type":"product","link":"https:\/\/gambea.com\/mx\/calcetines\/kick\/","title":{"rendered":"Calcetines Kick"},"content":{"rendered":"<p>Delantero franc\u00e9s carism\u00e1tico, cuyo talento y personalidad han dejado una huella en el f\u00fatbol ingl\u00e9s.<\/p>\n<p>Siente el temperamento y la inspiraci\u00f3n de un verdadero \u00edcono del bal\u00f3n.<\/p>\n","protected":false},"excerpt":{"rendered":"<p>Delantero franc\u00e9s carism\u00e1tico, cuyo talento y personalidad han dejado una huella en el f\u00fatbol ingl\u00e9s.<\/p>\n<p>Siente el temperamento y la inspiraci\u00f3n de un verdadero \u00edcono del bal\u00f3n.<\/p>\n","protected":false},"featured_media":6109534,"template":"","meta":[],"product_brand":[],"product_cat":[72,4000211],"product_tag":[],"class_list":{"0":"post-6050045","1":"product","2":"type-product","3":"status-publish","4":"has-post-thumbnail","6":"product_cat-leyendas","7":"product_cat-devils","8":"no-featured-image-padding","9":"sales-flash-overlay","10":"woocommerce-text-align-center","11":"woocommerce-image-align-center","12":"wc-has-gallery","14":"first","15":"outofstock","16":"taxable","17":"shipping-taxable","18":"purchasable","19":"product-type-simple"},"_links":{"self":[{"href":"https:\/\/gambea.com\/mx\/wp-json\/wp\/v2\/product\/6050045","targetHints":{"allow":["GET"]}}],"collection":[{"href":"https:\/\/gambea.com\/mx\/wp-json\/wp\/v2\/product"}],"about":[{"href":"https:\/\/gambea.com\/mx\/wp-json\/wp\/v2\/types\/product"}],"wp:featuredmedia":[{"embeddable":true,"href":"https:\/\/gambea.com\/mx\/wp-json\/wp\/v2\/media\/6109534"}],"wp:attachment":[{"href":"https:\/\/gambea.com\/mx\/wp-json\/wp\/v2\/media?parent=6050045"}],"wp:term":[{"taxonomy":"product_brand","embeddable":true,"href":"https:\/\/gambea.com\/mx\/wp-json\/wp\/v2\/product_brand?post=6050045"},{"taxonomy":"product_cat","embeddable":true,"href":"https:\/\/gambea.com\/mx\/wp-json\/wp\/v2\/product_cat?post=6050045"},{"taxonomy":"product_tag","embeddable":true,"href":"https:\/\/gambea.com\/mx\/wp-json\/wp\/v2\/product_tag?post=6050045"}],"curies":[{"name":"wp","href":"https:\/\/api.w.org\/{rel}","templated":true}]}}