{"id":6050046,"date":"2022-04-11T12:29:40","date_gmt":"2022-04-11T10:29:40","guid":{"rendered":"https:\/\/gambea.com\/mx\/?post_type=product&#038;p=6050046"},"modified":"2025-06-26T13:25:02","modified_gmt":"2025-06-26T19:25:02","slug":"calcetines-cabezazo","status":"publish","type":"product","link":"https:\/\/gambea.com\/mx\/calcetines\/cabezazo\/","title":{"rendered":"Calcetines Cabezazo"},"content":{"rendered":"<p>Mediocampista franc\u00e9s magistral, campe\u00f3n de todo y uno de los m\u00e1s grandes de todos los tiempos.<\/p>\n<p>L\u00e1nzate de cabeza a por estos calcetines<\/p>\n","protected":false},"excerpt":{"rendered":"<p>Mediocampista franc\u00e9s magistral, campe\u00f3n de todo y uno de los m\u00e1s grandes de todos los tiempos.<\/p>\n<p>L\u00e1nzate de cabeza a por estos calcetines<\/p>\n","protected":false},"featured_media":6109520,"template":"","meta":[],"product_brand":[],"product_cat":[72],"product_tag":[],"class_list":{"0":"post-6050046","1":"product","2":"type-product","3":"status-publish","4":"has-post-thumbnail","6":"product_cat-leyendas","7":"no-featured-image-padding","8":"sales-flash-overlay","9":"woocommerce-text-align-center","10":"woocommerce-image-align-center","11":"wc-has-gallery","13":"first","14":"outofstock","15":"taxable","16":"shipping-taxable","17":"purchasable","18":"product-type-simple"},"_links":{"self":[{"href":"https:\/\/gambea.com\/mx\/wp-json\/wp\/v2\/product\/6050046","targetHints":{"allow":["GET"]}}],"collection":[{"href":"https:\/\/gambea.com\/mx\/wp-json\/wp\/v2\/product"}],"about":[{"href":"https:\/\/gambea.com\/mx\/wp-json\/wp\/v2\/types\/product"}],"wp:featuredmedia":[{"embeddable":true,"href":"https:\/\/gambea.com\/mx\/wp-json\/wp\/v2\/media\/6109520"}],"wp:attachment":[{"href":"https:\/\/gambea.com\/mx\/wp-json\/wp\/v2\/media?parent=6050046"}],"wp:term":[{"taxonomy":"product_brand","embeddable":true,"href":"https:\/\/gambea.com\/mx\/wp-json\/wp\/v2\/product_brand?post=6050046"},{"taxonomy":"product_cat","embeddable":true,"href":"https:\/\/gambea.com\/mx\/wp-json\/wp\/v2\/product_cat?post=6050046"},{"taxonomy":"product_tag","embeddable":true,"href":"https:\/\/gambea.com\/mx\/wp-json\/wp\/v2\/product_tag?post=6050046"}],"curies":[{"name":"wp","href":"https:\/\/api.w.org\/{rel}","templated":true}]}}