{"id":6089134,"date":"2023-11-09T19:30:15","date_gmt":"2023-11-09T18:30:15","guid":{"rendered":"https:\/\/gambea.com\/mx\/?post_type=product&#038;p=6089134"},"modified":"2025-06-26T13:25:02","modified_gmt":"2025-06-26T19:25:02","slug":"calcetines-hey-j","status":"publish","type":"product","link":"https:\/\/gambea.com\/mx\/calcetines\/hey-j\/","title":{"rendered":"Calcetines Hey J"},"content":{"rendered":"<p>Hay un nuevo sheriff en la capital.<\/p>\n<p>Lleva su ya IC\u00d3NICA celebraci\u00f3n en tus pies y pasea tu pasi\u00f3n en todo momento.<\/p>\n","protected":false},"excerpt":{"rendered":"<p>Hay un nuevo sheriff en la capital.<\/p>\n<p>Lleva su ya IC\u00d3NICA celebraci\u00f3n en tus pies y pasea tu pasi\u00f3n en todo momento.<\/p>\n","protected":false},"featured_media":6109532,"template":"","meta":[],"product_brand":[],"product_cat":[73],"product_tag":[],"class_list":{"0":"post-6089134","1":"product","2":"type-product","3":"status-publish","4":"has-post-thumbnail","6":"product_cat-chamartin","7":"no-featured-image-padding","8":"sales-flash-overlay","9":"woocommerce-text-align-center","10":"woocommerce-image-align-center","11":"wc-has-gallery","13":"first","14":"outofstock","15":"taxable","16":"shipping-taxable","17":"purchasable","18":"product-type-simple"},"_links":{"self":[{"href":"https:\/\/gambea.com\/mx\/wp-json\/wp\/v2\/product\/6089134","targetHints":{"allow":["GET"]}}],"collection":[{"href":"https:\/\/gambea.com\/mx\/wp-json\/wp\/v2\/product"}],"about":[{"href":"https:\/\/gambea.com\/mx\/wp-json\/wp\/v2\/types\/product"}],"wp:featuredmedia":[{"embeddable":true,"href":"https:\/\/gambea.com\/mx\/wp-json\/wp\/v2\/media\/6109532"}],"wp:attachment":[{"href":"https:\/\/gambea.com\/mx\/wp-json\/wp\/v2\/media?parent=6089134"}],"wp:term":[{"taxonomy":"product_brand","embeddable":true,"href":"https:\/\/gambea.com\/mx\/wp-json\/wp\/v2\/product_brand?post=6089134"},{"taxonomy":"product_cat","embeddable":true,"href":"https:\/\/gambea.com\/mx\/wp-json\/wp\/v2\/product_cat?post=6089134"},{"taxonomy":"product_tag","embeddable":true,"href":"https:\/\/gambea.com\/mx\/wp-json\/wp\/v2\/product_tag?post=6089134"}],"curies":[{"name":"wp","href":"https:\/\/api.w.org\/{rel}","templated":true}]}}