{"id":6107632,"date":"2024-03-11T05:43:46","date_gmt":"2024-03-11T11:43:46","guid":{"rendered":"https:\/\/gambea.com\/mx\/?post_type=product&#038;p=6107632"},"modified":"2025-06-26T13:25:02","modified_gmt":"2025-06-26T19:25:02","slug":"calcetines-mexicano","status":"publish","type":"product","link":"https:\/\/gambea.com\/mx\/calcetines\/mexicano\/","title":{"rendered":"Calcetines Mexicano"},"content":{"rendered":"<p>Delantero <strong>mexicano<\/strong> destacado, cuyo impresionante talento y car\u00e1cter vibrante han marcado profundamente el f\u00fatbol espa\u00f1ol.<\/p>\n<p>Su habilidad para ejecutar <strong>chilenas<\/strong> lo consagr\u00f3 como un aut\u00e9ntico \u00edcono.<\/p>\n","protected":false},"excerpt":{"rendered":"<p>Delantero <strong>mexicano<\/strong> destacado, cuyo impresionante talento y car\u00e1cter vibrante han marcado profundamente el f\u00fatbol espa\u00f1ol.<\/p>\n<p>Su habilidad para ejecutar <strong>chilenas<\/strong> lo consagr\u00f3 como un aut\u00e9ntico \u00edcono.<\/p>\n","protected":false},"featured_media":6109538,"template":"","meta":[],"product_brand":[],"product_cat":[72,73],"product_tag":[],"class_list":{"0":"post-6107632","1":"product","2":"type-product","3":"status-publish","4":"has-post-thumbnail","6":"product_cat-leyendas","7":"product_cat-chamartin","8":"no-featured-image-padding","9":"sales-flash-overlay","10":"woocommerce-text-align-center","11":"woocommerce-image-align-center","12":"wc-has-gallery","14":"first","15":"outofstock","16":"taxable","17":"shipping-taxable","18":"purchasable","19":"product-type-simple"},"_links":{"self":[{"href":"https:\/\/gambea.com\/mx\/wp-json\/wp\/v2\/product\/6107632","targetHints":{"allow":["GET"]}}],"collection":[{"href":"https:\/\/gambea.com\/mx\/wp-json\/wp\/v2\/product"}],"about":[{"href":"https:\/\/gambea.com\/mx\/wp-json\/wp\/v2\/types\/product"}],"wp:featuredmedia":[{"embeddable":true,"href":"https:\/\/gambea.com\/mx\/wp-json\/wp\/v2\/media\/6109538"}],"wp:attachment":[{"href":"https:\/\/gambea.com\/mx\/wp-json\/wp\/v2\/media?parent=6107632"}],"wp:term":[{"taxonomy":"product_brand","embeddable":true,"href":"https:\/\/gambea.com\/mx\/wp-json\/wp\/v2\/product_brand?post=6107632"},{"taxonomy":"product_cat","embeddable":true,"href":"https:\/\/gambea.com\/mx\/wp-json\/wp\/v2\/product_cat?post=6107632"},{"taxonomy":"product_tag","embeddable":true,"href":"https:\/\/gambea.com\/mx\/wp-json\/wp\/v2\/product_tag?post=6107632"}],"curies":[{"name":"wp","href":"https:\/\/api.w.org\/{rel}","templated":true}]}}