{"id":6035210,"date":"2021-02-28T02:09:19","date_gmt":"2021-02-28T02:09:19","guid":{"rendered":"https:\/\/gambea.com\/uk\/?post_type=product&#038;p=6035210"},"modified":"2026-04-03T20:10:39","modified_gmt":"2026-04-03T18:10:39","slug":"historico","status":"publish","type":"product","link":"https:\/\/gambea.com\/uk\/socks\/historico\/","title":{"rendered":"Hist\u00f3rico"},"content":{"rendered":"<p><strong>GAMBEA x FUNDACI\u00d3N LEVANTE CENT ANYS<br \/>\n<\/strong><\/p>\n<p>PACK HATTRICK. \u00a1Saca tu verdadero esp\u00edritu granota! Colabora con la Fundaci\u00f3n, gana premios y m\u00e9tele un hattrick a la desigualdad.<\/p>\n<p>Todos los beneficios se destinan a los proyectos sociales de la Fundaci\u00f3n.<\/p>\n<p>\u00danete a la #LAMAYORJUGADA<\/p>\n<p><strong>\u00a0<\/strong><\/p>\n","protected":false},"excerpt":{"rendered":"<p><strong>GAMBEA x FUNDACI\u00d3N LEVANTE CENT ANYS<br \/>\n<\/strong><\/p>\n<p>PACK HATTRICK. \u00a1Saca tu verdadero esp\u00edritu granota! Colabora con la Fundaci\u00f3n, gana premios y m\u00e9tele un hattrick a la desigualdad.<\/p>\n<p>Todos los beneficios se destinan a los proyectos sociales de la Fundaci\u00f3n.<\/p>\n<p>\u00danete a la #LAMAYORJUGADA<\/p>\n","protected":false},"featured_media":6063298,"template":"","meta":[],"product_brand":[],"product_cat":[4000176],"product_tag":[4000588,4000238],"class_list":{"0":"post-6035210","1":"product","2":"type-product","3":"status-publish","4":"has-post-thumbnail","6":"product_cat-fundacion-levante","7":"product_tag-lastunits","8":"product_tag-outlet","9":"no-featured-image-padding","10":"sales-flash-overlay","11":"woocommerce-text-align-center","12":"woocommerce-image-align-center","13":"wc-has-gallery","15":"first","16":"instock","17":"sale","18":"taxable","19":"shipping-taxable","20":"purchasable","21":"product-type-variable"},"_links":{"self":[{"href":"https:\/\/gambea.com\/uk\/wp-json\/wp\/v2\/product\/6035210","targetHints":{"allow":["GET"]}}],"collection":[{"href":"https:\/\/gambea.com\/uk\/wp-json\/wp\/v2\/product"}],"about":[{"href":"https:\/\/gambea.com\/uk\/wp-json\/wp\/v2\/types\/product"}],"wp:featuredmedia":[{"embeddable":true,"href":"https:\/\/gambea.com\/uk\/wp-json\/wp\/v2\/media\/6063298"}],"wp:attachment":[{"href":"https:\/\/gambea.com\/uk\/wp-json\/wp\/v2\/media?parent=6035210"}],"wp:term":[{"taxonomy":"product_brand","embeddable":true,"href":"https:\/\/gambea.com\/uk\/wp-json\/wp\/v2\/product_brand?post=6035210"},{"taxonomy":"product_cat","embeddable":true,"href":"https:\/\/gambea.com\/uk\/wp-json\/wp\/v2\/product_cat?post=6035210"},{"taxonomy":"product_tag","embeddable":true,"href":"https:\/\/gambea.com\/uk\/wp-json\/wp\/v2\/product_tag?post=6035210"}],"curies":[{"name":"wp","href":"https:\/\/api.w.org\/{rel}","templated":true}]}}